{"id":775,"date":"2019-01-11T10:06:35","date_gmt":"2019-01-11T10:06:35","guid":{"rendered":"https:\/\/demo.mekshq.com\/johannes\/dc\/?page_id=775"},"modified":"2025-10-10T21:23:02","modified_gmt":"2025-10-10T19:23:02","slug":"authors","status":"publish","type":"page","link":"https:\/\/leringetlaplume.com\/?page_id=775","title":{"rendered":"\u00c0 propos"},"content":{"rendered":"\n<p>La boxe est (vraiment ) un art. Et ce n&#8217;est pas une m\u00e9taphore. Il y a, dans chaque combat, un engagement, une parabole de la destin\u00e9e humaine, des \u00e9motions profondes. Une dramaturgie. La boxe est aussi un langage et comme tout langage, elle appelle la traduction, l&#8217;interpr\u00e9tation, le commentaire.<\/p>\n\n\n\n<p>Pourtant, cette dimension est souvent ignor\u00e9e. Le Noble Art est encore trop souvent prisonnier de la rubrique sportive (ou celle des faits-divers, h\u00e9las&#8230;), r\u00e9duit \u00e0 ses K.O, ses extravagances, ses millions de dollars et ses stars. La boxe m\u00e9rite mieux. Elle vaut infiniment plus.<\/p>\n\n\n\n<p>Plus qu&#8217;un site d&#8217;information, Le ring et la plume est un espace de r\u00e9sonance. Un lieu o\u00f9 l&#8217;analyse technique rencontre la m\u00e9ditation esth\u00e9tique. O\u00f9 la rigueur historique dialogue avec l&#8217;\u00e9motion po\u00e9tique. <\/p>\n\n\n\n<hr class=\"wp-block-separator has-alpha-channel-opacity\"\/>\n\n\n\n<p>Depuis l&#8217;Antiquit\u00e9, ce sport hante l&#8217;imaginaire des cr\u00e9ateurs. Hom\u00e8re d\u00e9crit les combats d&#8217;\u00c9p\u00e9ios dans l&#8217;<em>Iliade<\/em>. Virgile \u00e9voque le pugilat dans l&#8217;<em>\u00c9n\u00e9ide<\/em>. Au XIXe si\u00e8cle, Byron et Conan Doyle c\u00e9l\u00e8brent les h\u00e9ros du ring. Au XXe, Hemingway forge son style en observant les boxeurs, Mailer voit dans Ali une figure romantique, Mathis trouve dans Cerdan son h\u00e9ros tragique&#8230;<\/p>\n\n\n\n<p>La boxe inspire aussi les peintres \u2014 Bellows et ses sc\u00e8nes violentes, Basquiat et ses couronnes de champions, Bacon et ses corps tordus. Elle fascine les cin\u00e9astes \u2014 Scorsese, Eastwood, Coogler. Elle interroge les philosophes \u2014 sur la violence, le courage, la confrontation \u00e0 l&#8217;autre.<\/p>\n\n\n\n<p>Notre mission consiste pr\u00e9cis\u00e9ment \u00e0 r\u00e9v\u00e9ler la boxe comme ph\u00e9nom\u00e8ne culturel majeur. Montrer qu&#8217;elle dialogue avec la litt\u00e9rature depuis trois mill\u00e9naires. Qu&#8217;elle structure des imaginaires collectifs. Que ses champions sont des artistes, ses combats des \u0153uvres, son histoire une \u00e9pop\u00e9e.<\/p>\n\n\n\n<hr class=\"wp-block-separator has-alpha-channel-opacity\"\/>\n\n\n\n<p><strong>Ici, nous explorons la boxe sous diff\u00e9rents angles (non exhaustif) :<\/strong><\/p>\n\n\n\n<p><strong>HISTOIRE &amp; M\u00c9MOIRE<\/strong><br>Nous documentons l&#8217;\u00e9volution du Noble Art \u00e0 travers les si\u00e8cles, de l&#8217;Antiquit\u00e9 aux championnats mondiaux contemporains. D&#8217;Ath\u00e8nes \u00e0 Las Vegas ou Riyadh, nouvelle Mecque de la boxe. Nous valorisons son patrimoine et rendons hommage aux figures qui ont marqu\u00e9 son histoire. Ici les l\u00e9gendes du pass\u00e9 \u00e9clairent les combats du pr\u00e9sent. Et pas uniquement ceux qui se livrent sur le ring.<\/p>\n\n\n\n<p><strong>LITT\u00c9RATURE &amp; \u00c9CRITURE<\/strong><br>Nous analysons la repr\u00e9sentation de la boxe dans la litt\u00e9rature mondiale \u2014 de Jack London \u00e0 Joyce Carol Oates, d&#8217;Albert Camus \u00e0 Norman Mailer. Nous publions \u00e9galement des textes originaux qui explorent la po\u00e9tique du combat.<\/p>\n\n\n\n<p><strong>ART &amp; CR\u00c9ATION<\/strong><br>Nous \u00e9tudions la pr\u00e9sence de la boxe dans les arts visuels (peinture, photographie, cin\u00e9ma, arts num\u00e9riques). Nous soutenons les cr\u00e9ateurs contemporains qui renouvellent le regard port\u00e9 sur le Noble Art, notamment \u00e0 travers notre partenariat avec <a href=\"https:\/\/boxingart.shop\">Boxing Art Shop<\/a><\/p>\n\n\n\n<p><strong>PENS\u00c9E &amp; SOCI\u00c9T\u00c9<\/strong><br>Nous interrogeons la dimension philosophique, sociologique et politique de la boxe. En quoi le ring est-il un microcosme social ? Que r\u00e9v\u00e8le le combat sur notre rapport aux autres et surtout celui que nous entretenons avec nous-m\u00eame ? <\/p>\n\n\n\n<hr class=\"wp-block-separator has-alpha-channel-opacity\"\/>\n\n\n\n<p><strong>Une proposition \u00e0 nous faire ? Un texte ou une \u0153uvre \u00e0 nous soumettre ?<\/strong><\/p>\n\n\n\n<p>Vous voulez nous soumettre un texte, nous proposer une interview, une \u00e9tude, un document ou nous signaler un \u00e9v\u00e9nement, une initiative int\u00e9ressante ? N&#8217;h\u00e9sitez pas \u00e0 nous joindre en nous envoyant un message via notre formulaire de contact : <a href=\"https:\/\/leringetlaplume.com\/?page_id=324\">https:\/\/leringetlaplume.com\/?page_id=324<\/a><\/p>\n\n\n\n<p>Plus qu&#8217;un site d&#8217;information, Le ring et la plume est un espace de r\u00e9sonance. Un lieu o\u00f9 l&#8217;analyse technique rencontre la m\u00e9ditation esth\u00e9tique. O\u00f9 la rigueur historique dialogue avec l&#8217;\u00e9motion po\u00e9tique. <\/p>\n\n\n\n<hr class=\"wp-block-separator has-alpha-channel-opacity\"\/>\n\n\n\n<div style=\"margin-top: 60px; padding-top: 30px; border-top: 2px solid #d4af37; text-align: center; font-size: 15px; color: #333; line-height: 1.8;\">\n  <p style=\"font-weight: 600; font-size: 18px; margin-bottom: 15px; color: #222;\">Site dirig\u00e9 par Nasser Negrouche<\/p>\n  <p style=\"margin: 8px 0; color: #555; font-style: italic;\">\n    Ancien champion de boxe | Historien du Noble Art<br>\n    Journaliste et auteur | Fondateur de Boxing Art Shop\n  <\/p>\n  <p style=\"margin-top: 25px; font-size: 15px;\">\n    <a href=\"\/?page_id=324\" style=\"color: #d4af37; text-decoration: none; font-weight: 500; margin-right: 20px;\">\u2192 Contact<\/a>\n    <a href=\"https:\/\/boxingart.shop\" target=\"_blank\" style=\"color: #d4af37; text-decoration: none; font-weight: 500;\">\u2192 Boxing Art Shop<\/a>\n  <\/p>\n<\/div>\n\n\n\n\n\n<p><\/p>\n","protected":false},"excerpt":{"rendered":"<p>La boxe est (vraiment ) un art. Et ce n&#8217;est pas une m\u00e9taphore. Il y a, dans chaque combat, un engagement, une parabole de la destin\u00e9e humaine, des \u00e9motions profondes. Une dramaturgie. La boxe est aussi un langage et comme tout langage, elle appelle la traduction, l&#8217;interpr\u00e9tation, le commentaire. Pourtant, cette dimension est souvent ignor\u00e9e. [&hellip;]<\/p>\n","protected":false},"author":2,"featured_media":0,"parent":0,"menu_order":0,"comment_status":"closed","ping_status":"closed","template":"template-authors.php","meta":{"footnotes":""},"class_list":["post-775","page","type-page","status-publish","hentry"],"yoast_head":"<!-- This site is optimized with the Yoast SEO plugin v21.4 - https:\/\/yoast.com\/wordpress\/plugins\/seo\/ -->\n<title>\u00c0 propos - Le ring et la plume<\/title>\n<meta name=\"robots\" content=\"index, follow, max-snippet:-1, max-image-preview:large, max-video-preview:-1\" \/>\n<link rel=\"canonical\" href=\"https:\/\/leringetlaplume.com\/?page_id=775\" \/>\n<meta property=\"og:locale\" content=\"fr_FR\" \/>\n<meta property=\"og:type\" content=\"article\" \/>\n<meta property=\"og:title\" content=\"\u00c0 propos - Le ring et la plume\" \/>\n<meta property=\"og:description\" content=\"La boxe est (vraiment ) un art. Et ce n&#8217;est pas une m\u00e9taphore. Il y a, dans chaque combat, un engagement, une parabole de la destin\u00e9e humaine, des \u00e9motions profondes. Une dramaturgie. La boxe est aussi un langage et comme tout langage, elle appelle la traduction, l&#8217;interpr\u00e9tation, le commentaire. Pourtant, cette dimension est souvent ignor\u00e9e. [&hellip;]\" \/>\n<meta property=\"og:url\" content=\"https:\/\/leringetlaplume.com\/?page_id=775\" \/>\n<meta property=\"og:site_name\" content=\"Le ring et la plume\" \/>\n<meta property=\"article:modified_time\" content=\"2025-10-10T19:23:02+00:00\" \/>\n<meta name=\"twitter:card\" content=\"summary_large_image\" \/>\n<meta name=\"twitter:label1\" content=\"Dur\u00e9e de lecture estim\u00e9e\" \/>\n\t<meta name=\"twitter:data1\" content=\"3 minutes\" \/>\n<script type=\"application\/ld+json\" class=\"yoast-schema-graph\">{\"@context\":\"https:\/\/schema.org\",\"@graph\":[{\"@type\":\"WebPage\",\"@id\":\"https:\/\/leringetlaplume.com\/?page_id=775\",\"url\":\"https:\/\/leringetlaplume.com\/?page_id=775\",\"name\":\"\u00c0 propos - Le ring et la plume\",\"isPartOf\":{\"@id\":\"https:\/\/leringetlaplume.com\/#website\"},\"datePublished\":\"2019-01-11T10:06:35+00:00\",\"dateModified\":\"2025-10-10T19:23:02+00:00\",\"breadcrumb\":{\"@id\":\"https:\/\/leringetlaplume.com\/?page_id=775#breadcrumb\"},\"inLanguage\":\"fr-FR\",\"potentialAction\":[{\"@type\":\"ReadAction\",\"target\":[\"https:\/\/leringetlaplume.com\/?page_id=775\"]}]},{\"@type\":\"BreadcrumbList\",\"@id\":\"https:\/\/leringetlaplume.com\/?page_id=775#breadcrumb\",\"itemListElement\":[{\"@type\":\"ListItem\",\"position\":1,\"name\":\"Accueil\",\"item\":\"https:\/\/leringetlaplume.com\/\"},{\"@type\":\"ListItem\",\"position\":2,\"name\":\"\u00c0 propos\"}]},{\"@type\":\"WebSite\",\"@id\":\"https:\/\/leringetlaplume.com\/#website\",\"url\":\"https:\/\/leringetlaplume.com\/\",\"name\":\"Le ring et la plume\",\"description\":\"\",\"publisher\":{\"@id\":\"https:\/\/leringetlaplume.com\/#organization\"},\"potentialAction\":[{\"@type\":\"SearchAction\",\"target\":{\"@type\":\"EntryPoint\",\"urlTemplate\":\"https:\/\/leringetlaplume.com\/?s={search_term_string}\"},\"query-input\":\"required name=search_term_string\"}],\"inLanguage\":\"fr-FR\"},{\"@type\":\"Organization\",\"@id\":\"https:\/\/leringetlaplume.com\/#organization\",\"name\":\"Le ring et la plume\",\"url\":\"https:\/\/leringetlaplume.com\/\",\"logo\":{\"@type\":\"ImageObject\",\"inLanguage\":\"fr-FR\",\"@id\":\"https:\/\/leringetlaplume.com\/#\/schema\/logo\/image\/\",\"url\":\"https:\/\/leringetlaplume.com\/wp-content\/uploads\/2023\/08\/LOGOLe-RingetlaPlume-520-\u00d7-520-px.png\",\"contentUrl\":\"https:\/\/leringetlaplume.com\/wp-content\/uploads\/2023\/08\/LOGOLe-RingetlaPlume-520-\u00d7-520-px.png\",\"width\":520,\"height\":520,\"caption\":\"Le ring et la plume\"},\"image\":{\"@id\":\"https:\/\/leringetlaplume.com\/#\/schema\/logo\/image\/\"}}]}<\/script>\n<!-- \/ Yoast SEO plugin. -->","yoast_head_json":{"title":"\u00c0 propos - Le ring et la plume","robots":{"index":"index","follow":"follow","max-snippet":"max-snippet:-1","max-image-preview":"max-image-preview:large","max-video-preview":"max-video-preview:-1"},"canonical":"https:\/\/leringetlaplume.com\/?page_id=775","og_locale":"fr_FR","og_type":"article","og_title":"\u00c0 propos - Le ring et la plume","og_description":"La boxe est (vraiment ) un art. Et ce n&#8217;est pas une m\u00e9taphore. Il y a, dans chaque combat, un engagement, une parabole de la destin\u00e9e humaine, des \u00e9motions profondes. Une dramaturgie. La boxe est aussi un langage et comme tout langage, elle appelle la traduction, l&#8217;interpr\u00e9tation, le commentaire. Pourtant, cette dimension est souvent ignor\u00e9e. [&hellip;]","og_url":"https:\/\/leringetlaplume.com\/?page_id=775","og_site_name":"Le ring et la plume","article_modified_time":"2025-10-10T19:23:02+00:00","twitter_card":"summary_large_image","twitter_misc":{"Dur\u00e9e de lecture estim\u00e9e":"3 minutes"},"schema":{"@context":"https:\/\/schema.org","@graph":[{"@type":"WebPage","@id":"https:\/\/leringetlaplume.com\/?page_id=775","url":"https:\/\/leringetlaplume.com\/?page_id=775","name":"\u00c0 propos - Le ring et la plume","isPartOf":{"@id":"https:\/\/leringetlaplume.com\/#website"},"datePublished":"2019-01-11T10:06:35+00:00","dateModified":"2025-10-10T19:23:02+00:00","breadcrumb":{"@id":"https:\/\/leringetlaplume.com\/?page_id=775#breadcrumb"},"inLanguage":"fr-FR","potentialAction":[{"@type":"ReadAction","target":["https:\/\/leringetlaplume.com\/?page_id=775"]}]},{"@type":"BreadcrumbList","@id":"https:\/\/leringetlaplume.com\/?page_id=775#breadcrumb","itemListElement":[{"@type":"ListItem","position":1,"name":"Accueil","item":"https:\/\/leringetlaplume.com\/"},{"@type":"ListItem","position":2,"name":"\u00c0 propos"}]},{"@type":"WebSite","@id":"https:\/\/leringetlaplume.com\/#website","url":"https:\/\/leringetlaplume.com\/","name":"Le ring et la plume","description":"","publisher":{"@id":"https:\/\/leringetlaplume.com\/#organization"},"potentialAction":[{"@type":"SearchAction","target":{"@type":"EntryPoint","urlTemplate":"https:\/\/leringetlaplume.com\/?s={search_term_string}"},"query-input":"required name=search_term_string"}],"inLanguage":"fr-FR"},{"@type":"Organization","@id":"https:\/\/leringetlaplume.com\/#organization","name":"Le ring et la plume","url":"https:\/\/leringetlaplume.com\/","logo":{"@type":"ImageObject","inLanguage":"fr-FR","@id":"https:\/\/leringetlaplume.com\/#\/schema\/logo\/image\/","url":"https:\/\/leringetlaplume.com\/wp-content\/uploads\/2023\/08\/LOGOLe-RingetlaPlume-520-\u00d7-520-px.png","contentUrl":"https:\/\/leringetlaplume.com\/wp-content\/uploads\/2023\/08\/LOGOLe-RingetlaPlume-520-\u00d7-520-px.png","width":520,"height":520,"caption":"Le ring et la plume"},"image":{"@id":"https:\/\/leringetlaplume.com\/#\/schema\/logo\/image\/"}}]}},"jetpack_sharing_enabled":true,"_links":{"self":[{"href":"https:\/\/leringetlaplume.com\/index.php?rest_route=\/wp\/v2\/pages\/775","targetHints":{"allow":["GET"]}}],"collection":[{"href":"https:\/\/leringetlaplume.com\/index.php?rest_route=\/wp\/v2\/pages"}],"about":[{"href":"https:\/\/leringetlaplume.com\/index.php?rest_route=\/wp\/v2\/types\/page"}],"author":[{"embeddable":true,"href":"https:\/\/leringetlaplume.com\/index.php?rest_route=\/wp\/v2\/users\/2"}],"replies":[{"embeddable":true,"href":"https:\/\/leringetlaplume.com\/index.php?rest_route=%2Fwp%2Fv2%2Fcomments&post=775"}],"version-history":[{"count":13,"href":"https:\/\/leringetlaplume.com\/index.php?rest_route=\/wp\/v2\/pages\/775\/revisions"}],"predecessor-version":[{"id":1701,"href":"https:\/\/leringetlaplume.com\/index.php?rest_route=\/wp\/v2\/pages\/775\/revisions\/1701"}],"wp:attachment":[{"href":"https:\/\/leringetlaplume.com\/index.php?rest_route=%2Fwp%2Fv2%2Fmedia&parent=775"}],"curies":[{"name":"wp","href":"https:\/\/api.w.org\/{rel}","templated":true}]}}